{"id":18,"date":"2024-01-29T17:11:21","date_gmt":"2024-01-29T16:11:21","guid":{"rendered":"https:\/\/specialroyd.com\/?page_id=18"},"modified":"2024-04-17T16:42:05","modified_gmt":"2024-04-17T14:42:05","slug":"inicio","status":"publish","type":"page","link":"https:\/\/specialroyd.com\/","title":{"rendered":"Inicio"},"content":{"rendered":"<p>[et_pb_section fb_built=\u00bb1&#8243; fullwidth=\u00bbon\u00bb _builder_version=\u00bb4.24.0&#8243; _module_preset=\u00bbdefault\u00bb background_color=\u00bb#000000&#8243; global_colors_info=\u00bb{}\u00bb][et_pb_fullwidth_slider _builder_version=\u00bb4.24.0&#8243; _module_preset=\u00bbdefault\u00bb background_enable_color=\u00bboff\u00bb module_alignment=\u00bbcenter\u00bb content_width=\u00bb100%\u00bb min_height=\u00bb100vh\u00bb height=\u00bb100vh\u00bb max_height=\u00bb100vh\u00bb animation_style=\u00bbfade\u00bb animation_direction=\u00bbright\u00bb auto=\u00bbon\u00bb global_colors_info=\u00bb{}\u00bb][et_pb_slide _builder_version=\u00bb4.24.0&#8243; _module_preset=\u00bbdefault\u00bb background_enable_color=\u00bboff\u00bb background_image=\u00bbhttp:\/\/specialroyd.com\/wp-content\/uploads\/2024\/04\/slide-pc-classic-0820-01.jpg\u00bb background_enable_image=\u00bbon\u00bb background_last_edited=\u00bbon|phone\u00bb background_image_phone=\u00bbhttp:\/\/specialroyd.com\/wp-content\/uploads\/2024\/04\/slide-movil-classic-0820-01.jpg\u00bb background_enable_image_phone=\u00bbon\u00bb background_size_phone=\u00bbcover\u00bb global_colors_info=\u00bb{}\u00bb sticky_transition=\u00bbon\u00bb][\/et_pb_slide][et_pb_slide image_tablet=\u00bb\u00bb image_phone=\u00bb\u00bb image_last_edited=\u00bbon|desktop\u00bb _builder_version=\u00bb4.24.0&#8243; _module_preset=\u00bbdefault\u00bb background_enable_color=\u00bboff\u00bb background_image=\u00bbhttp:\/\/specialroyd.com\/wp-content\/uploads\/2024\/04\/slide-pc-fox1-0820-01.jpg\u00bb background_enable_image=\u00bbon\u00bb background_last_edited=\u00bbon|phone\u00bb background_image_tablet=\u00bbhttp:\/\/specialroyd.com\/wp-content\/uploads\/2024\/04\/slide-movil-fox1-0820-03.jpg\u00bb background_image_phone=\u00bbhttp:\/\/specialroyd.com\/wp-content\/uploads\/2024\/04\/slide-movil-fox1-0820-03.jpg\u00bb background_enable_image_tablet=\u00bbon\u00bb background_enable_image_phone=\u00bbon\u00bb background_size_phone=\u00bbcover\u00bb global_colors_info=\u00bb{}\u00bb sticky_transition=\u00bbon\u00bb][\/et_pb_slide][et_pb_slide _builder_version=\u00bb4.24.0&#8243; _module_preset=\u00bbdefault\u00bb background_enable_color=\u00bboff\u00bb background_image=\u00bbhttp:\/\/specialroyd.com\/wp-content\/uploads\/2024\/04\/slide-pc-platanito-0820-01.jpg\u00bb background_enable_image=\u00bbon\u00bb background_last_edited=\u00bbon|phone\u00bb background_image_tablet=\u00bbhttp:\/\/specialroyd.com\/wp-content\/uploads\/2024\/04\/slide-movil-platanito-0820-03.jpg\u00bb background_image_phone=\u00bbhttp:\/\/specialroyd.com\/wp-content\/uploads\/2024\/04\/slide-movil-platanito-0820-03.jpg\u00bb background_enable_image_tablet=\u00bbon\u00bb background_enable_image_phone=\u00bbon\u00bb background_size_phone=\u00bbcover\u00bb global_colors_info=\u00bb{}\u00bb sticky_transition=\u00bbon\u00bb][\/et_pb_slide][et_pb_slide _builder_version=\u00bb4.24.0&#8243; _module_preset=\u00bbdefault\u00bb background_enable_color=\u00bboff\u00bb background_image=\u00bbhttp:\/\/specialroyd.com\/wp-content\/uploads\/2024\/04\/slide-pc-littlegun-0820-01d.jpg\u00bb background_enable_image=\u00bbon\u00bb background_last_edited=\u00bbon|phone\u00bb background_image_tablet=\u00bbhttp:\/\/specialroyd.com\/wp-content\/uploads\/2024\/04\/slide-movil-littlegun-0820-03.jpg\u00bb background_image_phone=\u00bbhttp:\/\/specialroyd.com\/wp-content\/uploads\/2024\/04\/slide-movil-littlegun-0820-03.jpg\u00bb background_enable_image_tablet=\u00bbon\u00bb background_enable_image_phone=\u00bbon\u00bb background_size_phone=\u00bbcover\u00bb global_colors_info=\u00bb{}\u00bb sticky_transition=\u00bbon\u00bb][\/et_pb_slide][et_pb_slide _builder_version=\u00bb4.24.0&#8243; _module_preset=\u00bbdefault\u00bb background_enable_color=\u00bboff\u00bb background_image=\u00bbhttp:\/\/specialroyd.com\/wp-content\/uploads\/2024\/04\/slide-pc-explosion-0820-01.jpg\u00bb background_enable_image=\u00bbon\u00bb background_last_edited=\u00bbon|phone\u00bb background_image_tablet=\u00bbhttp:\/\/specialroyd.com\/wp-content\/uploads\/2024\/04\/slide-movil-explosion-0820-03.jpg\u00bb background_image_phone=\u00bbhttp:\/\/specialroyd.com\/wp-content\/uploads\/2024\/04\/slide-movil-explosion-0820-03.jpg\u00bb background_enable_image_tablet=\u00bbon\u00bb background_enable_image_phone=\u00bbon\u00bb background_size_phone=\u00bbcover\u00bb global_colors_info=\u00bb{}\u00bb sticky_transition=\u00bbon\u00bb][\/et_pb_slide][\/et_pb_fullwidth_slider][\/et_pb_section][et_pb_section fb_built=\u00bb1&#8243; _builder_version=\u00bb4.24.0&#8243; _module_preset=\u00bbdefault\u00bb global_colors_info=\u00bb{}\u00bb][et_pb_row _builder_version=\u00bb4.24.0&#8243; _module_preset=\u00bbdefault\u00bb][et_pb_column _builder_version=\u00bb4.24.0&#8243; _module_preset=\u00bbdefault\u00bb type=\u00bb4_4&#8243;][et_pb_text _builder_version=\u00bb4.24.0&#8243; _module_preset=\u00bbdefault\u00bb hover_enabled=\u00bb0&#8243; sticky_enabled=\u00bb0&#8243; header_font=\u00bb|700||on|||||\u00bb header_font_size=\u00bb7em\u00bb header_text_align=\u00bbcenter\u00bb header_font_size_last_edited=\u00bbon|phone\u00bb header_font_size_phone=\u00bb3em\u00bb header_font_size_tablet=\u00bb7em\u00bb]<\/p>\n<h1>Modelos<\/h1>\n<p>[\/et_pb_text][\/et_pb_column][\/et_pb_row][et_pb_row column_structure=\u00bb1_3,1_3,1_3&#8243; use_custom_gutter=\u00bbon\u00bb gutter_width=\u00bb2&#8243; make_equal=\u00bbon\u00bb _builder_version=\u00bb4.24.0&#8243; _module_preset=\u00bbdefault\u00bb global_colors_info=\u00bb{}\u00bb][et_pb_column type=\u00bb1_3&#8243; _builder_version=\u00bb4.24.0&#8243; _module_preset=\u00bbdefault\u00bb global_colors_info=\u00bb{}\u00bb][et_pb_blurb title=\u00bbFOX\u00bb image=\u00bbhttp:\/\/specialroyd.com\/wp-content\/uploads\/2024\/04\/fox1.jpg\u00bb _builder_version=\u00bb4.24.0&#8243; _module_preset=\u00bbdefault\u00bb header_level=\u00bbh1&#8243; header_font=\u00bb|600||on|||||\u00bb header_text_align=\u00bbleft\u00bb text_orientation=\u00bbjustified\u00bb global_colors_info=\u00bb{}\u00bb]<\/p>\n<p>Este modelo es la \u00abExplosion\u00bb con sus mismas caracter\u00edsticas, pero con un tail swallow, haciendo que el mismo se agarre m\u00e1s dentro del agua.<\/p>\n<p>[\/et_pb_blurb][\/et_pb_column][et_pb_column type=\u00bb1_3&#8243; _builder_version=\u00bb4.24.0&#8243; _module_preset=\u00bbdefault\u00bb global_colors_info=\u00bb{}\u00bb][et_pb_blurb title=\u00bbGift\u00bb image=\u00bbhttp:\/\/specialroyd.com\/wp-content\/uploads\/2024\/04\/gift1.jpg\u00bb _builder_version=\u00bb4.24.0&#8243; _module_preset=\u00bbdefault\u00bb header_level=\u00bbh1&#8243; header_font=\u00bb|600||on|||||\u00bb header_text_align=\u00bbleft\u00bb text_orientation=\u00bbjustified\u00bb global_colors_info=\u00bb{}\u00bb]<\/p>\n<p>Es un modelo m\u00e1s sensible, para ejecutar muchas maniobras seguidas, sin que el surfer pierda el timing de la ola, muy usado por surfistas que quieren probar y perfeccionar nuevas maniobras.<\/p>\n<p>[\/et_pb_blurb][\/et_pb_column][et_pb_column type=\u00bb1_3&#8243; _builder_version=\u00bb4.24.0&#8243; _module_preset=\u00bbdefault\u00bb global_colors_info=\u00bb{}\u00bb][et_pb_blurb title=\u00bbTnt boom\u00bb image=\u00bbhttp:\/\/specialroyd.com\/wp-content\/uploads\/2024\/04\/tntBoom1.jpg\u00bb _builder_version=\u00bb4.24.0&#8243; _module_preset=\u00bbdefault\u00bb header_level=\u00bbh1&#8243; header_font=\u00bb|600||on|||||\u00bb header_text_align=\u00bbleft\u00bb text_orientation=\u00bbjustified\u00bb global_colors_info=\u00bb{}\u00bb]<\/p>\n<p>Medidas<br \/>5.8 19.0 2.50 V.29.9L<br \/>6.2 20.5 2.65 V.37.3L<\/p>\n<p>[\/et_pb_blurb][\/et_pb_column][\/et_pb_row][et_pb_row column_structure=\u00bb1_3,1_3,1_3&#8243; use_custom_gutter=\u00bbon\u00bb gutter_width=\u00bb2&#8243; make_equal=\u00bbon\u00bb _builder_version=\u00bb4.24.0&#8243; _module_preset=\u00bbdefault\u00bb global_colors_info=\u00bb{}\u00bb][et_pb_column type=\u00bb1_3&#8243; _builder_version=\u00bb4.24.0&#8243; _module_preset=\u00bbdefault\u00bb global_colors_info=\u00bb{}\u00bb][et_pb_blurb title=\u00bbLittle Gun\u00bb image=\u00bbhttp:\/\/specialroyd.com\/wp-content\/uploads\/2024\/04\/littlegun1.jpg\u00bb _builder_version=\u00bb4.24.0&#8243; _module_preset=\u00bbdefault\u00bb header_level=\u00bbh1&#8243; header_font=\u00bb|600||on|||||\u00bb header_text_align=\u00bbleft\u00bb text_orientation=\u00bbjustified\u00bb global_colors_info=\u00bb{}\u00bb]<\/p>\n<p>Este dise\u00f1o de con un rocker m\u00e1s acentuado en la cola menos en la punta facilita la entrada en olas m\u00e1s huecas asi ejecutando mejor tubos y botton turn en olas veloces indicado para tubes riders.<\/p>\n<p>[\/et_pb_blurb][\/et_pb_column][et_pb_column type=\u00bb1_3&#8243; _builder_version=\u00bb4.24.0&#8243; _module_preset=\u00bbdefault\u00bb global_colors_info=\u00bb{}\u00bb][et_pb_blurb title=\u00bbLobo\u00bb image=\u00bbhttp:\/\/specialroyd.com\/wp-content\/uploads\/2024\/04\/lobo1.jpg\u00bb _builder_version=\u00bb4.24.0&#8243; _module_preset=\u00bbdefault\u00bb header_level=\u00bbh1&#8243; header_font=\u00bb|600||on|||||\u00bb header_text_align=\u00bbleft\u00bb text_orientation=\u00bbjustified\u00bb global_colors_info=\u00bb{}\u00bb]<\/p>\n<p>Esta tabla es para los lobos de mar que buscan cualquier huequito en el almuerzo o de casualidad est\u00e1n delante de una playa con olas y sacan del maletero esta tabla de corto tama\u00f1o y gran volumen, que cabe c\u00f3modamente incluso en coches peque\u00f1os.<\/p>\n<p>[\/et_pb_blurb][\/et_pb_column][et_pb_column type=\u00bb1_3&#8243; _builder_version=\u00bb4.24.0&#8243; _module_preset=\u00bbdefault\u00bb global_colors_info=\u00bb{}\u00bb][et_pb_blurb title=\u00bbPlatanito\u00bb image=\u00bbhttp:\/\/specialroyd.com\/wp-content\/uploads\/2024\/04\/platanito1.jpg\u00bb _builder_version=\u00bb4.24.0&#8243; _module_preset=\u00bbdefault\u00bb header_level=\u00bbh1&#8243; header_font=\u00bb|600||on|||||\u00bb header_text_align=\u00bbleft\u00bb text_orientation=\u00bbjustified\u00bb global_colors_info=\u00bb{}\u00bb]<\/p>\n<p>Este es un modelo divertido para el verano, muy r\u00e1pido y buena flotabilidad, para que disfrutes del surf con la m\u00ednima ola.<\/p>\n<p>[\/et_pb_blurb][\/et_pb_column][\/et_pb_row][\/et_pb_section]<\/p>\n","protected":false},"excerpt":{"rendered":"<p>ModelosEste modelo es la \u00abExplosion\u00bb con sus mismas caracter\u00edsticas, pero con un tail swallow, haciendo que el mismo se agarre m\u00e1s dentro del agua.Es un modelo m\u00e1s sensible, para ejecutar muchas maniobras seguidas, sin que el surfer pierda el timing de la ola, muy usado por surfistas que quieren probar y perfeccionar nuevas maniobras.Medidas5.8 19.0 [&hellip;]<\/p>\n","protected":false},"author":1,"featured_media":0,"parent":0,"menu_order":0,"comment_status":"closed","ping_status":"closed","template":"","meta":{"_et_pb_use_builder":"on","_et_pb_old_content":"","_et_gb_content_width":"","om_disable_all_campaigns":false,"_monsterinsights_skip_tracking":false,"_monsterinsights_sitenote_active":false,"_monsterinsights_sitenote_note":"","_monsterinsights_sitenote_category":0,"footnotes":""},"class_list":["post-18","page","type-page","status-publish","hentry"],"aioseo_notices":[],"_links":{"self":[{"href":"https:\/\/specialroyd.com\/index.php?rest_route=\/wp\/v2\/pages\/18"}],"collection":[{"href":"https:\/\/specialroyd.com\/index.php?rest_route=\/wp\/v2\/pages"}],"about":[{"href":"https:\/\/specialroyd.com\/index.php?rest_route=\/wp\/v2\/types\/page"}],"author":[{"embeddable":true,"href":"https:\/\/specialroyd.com\/index.php?rest_route=\/wp\/v2\/users\/1"}],"replies":[{"embeddable":true,"href":"https:\/\/specialroyd.com\/index.php?rest_route=%2Fwp%2Fv2%2Fcomments&post=18"}],"version-history":[{"count":13,"href":"https:\/\/specialroyd.com\/index.php?rest_route=\/wp\/v2\/pages\/18\/revisions"}],"predecessor-version":[{"id":70,"href":"https:\/\/specialroyd.com\/index.php?rest_route=\/wp\/v2\/pages\/18\/revisions\/70"}],"wp:attachment":[{"href":"https:\/\/specialroyd.com\/index.php?rest_route=%2Fwp%2Fv2%2Fmedia&parent=18"}],"curies":[{"name":"wp","href":"https:\/\/api.w.org\/{rel}","templated":true}]}}